{"id":99,"date":"2013-04-19T07:44:45","date_gmt":"2013-04-19T07:44:45","guid":{"rendered":"https:\/\/smc.ihcantabria.es\/SMC25\/?page_id=99"},"modified":"2015-10-08T20:00:12","modified_gmt":"2015-10-08T20:00:12","slug":"petra","status":"publish","type":"page","link":"https:\/\/smc.ihcantabria.es\/SMC25\/petra\/","title":{"rendered":"Petra"},"content":{"rendered":"<p><img loading=\"lazy\" decoding=\"async\" class=\"size-full wp-image-100 alignnone\" src=\"https:\/\/smc.ihcantabria.es\/SMC25\/wp-content\/uploads\/2013\/04\/logoPetra.gif\" alt=\"logoPetra\" width=\"200\" height=\"64\" \/><\/p>\n<p><strong>Modelo de Evoluci\u00f3n de PErfil TRAnsversal<\/strong><\/p>\n<p style=\"text-align: justify;\">Petra es un modelo num\u00e9rico de evoluci\u00f3n morfol\u00f3gica del perfil transversal de playa. El modelo resuelve las ecuaciones del flujo de sedimentos dentro de la zona de rompientes, as\u00ed como los cambios en la batimetr\u00eda asociados a las variaciones espaciales del transporte de sedimentos.<\/p>\n<p style=\"text-align: justify;\">La magnitud del transporte es funci\u00f3n de las caracter\u00edsticas morfol\u00f3gicas del medio (sedimento y batimetr\u00eda) y de las condiciones hidrodin\u00e1micas (oleaje y corrientes inducidas por el mismo). El objetivo de Petra es conocer la respuesta del perfil ante un evento de temporal en t\u00e9rminos de retroceso de la l\u00ednea de costa y de la forma final del perfil.<\/p>\n<p style=\"text-align: center;\"><a href=\"https:\/\/smc.ihcantabria.es\/SMC25\/wp-content\/uploads\/2013\/04\/petra.png\"><img loading=\"lazy\" decoding=\"async\" class=\"size-medium wp-image-101 aligncenter\" src=\"https:\/\/smc.ihcantabria.es\/SMC25\/wp-content\/uploads\/2013\/04\/petra-300x225.png\" alt=\"petra\" width=\"300\" height=\"225\" srcset=\"https:\/\/smc.ihcantabria.es\/SMC25\/wp-content\/uploads\/2013\/04\/petra-300x225.png 300w, https:\/\/smc.ihcantabria.es\/SMC25\/wp-content\/uploads\/2013\/04\/petra.png 800w\" sizes=\"auto, (max-width: 300px) 100vw, 300px\" \/><\/a><\/p>\n<p><\/p>","protected":false},"excerpt":{"rendered":"<p>Modelo de Evoluci\u00f3n de PErfil TRAnsversal Petra es un modelo num\u00e9rico de evoluci\u00f3n morfol\u00f3gica del perfil transversal de playa. El modelo resuelve las ecuaciones del flujo de sedimentos dentro de la zona de rompientes, as\u00ed como los cambios en la batimetr\u00eda asociados a las variaciones espaciales del transporte de sedimentos. La magnitud del transporte es [&hellip;]<\/p>\n","protected":false},"author":2,"featured_media":0,"parent":0,"menu_order":0,"comment_status":"closed","ping_status":"open","template":"","meta":{"footnotes":""},"class_list":["post-99","page","type-page","status-publish","hentry"],"_links":{"self":[{"href":"https:\/\/smc.ihcantabria.es\/SMC25\/wp-json\/wp\/v2\/pages\/99","targetHints":{"allow":["GET"]}}],"collection":[{"href":"https:\/\/smc.ihcantabria.es\/SMC25\/wp-json\/wp\/v2\/pages"}],"about":[{"href":"https:\/\/smc.ihcantabria.es\/SMC25\/wp-json\/wp\/v2\/types\/page"}],"author":[{"embeddable":true,"href":"https:\/\/smc.ihcantabria.es\/SMC25\/wp-json\/wp\/v2\/users\/2"}],"replies":[{"embeddable":true,"href":"https:\/\/smc.ihcantabria.es\/SMC25\/wp-json\/wp\/v2\/comments?post=99"}],"version-history":[{"count":8,"href":"https:\/\/smc.ihcantabria.es\/SMC25\/wp-json\/wp\/v2\/pages\/99\/revisions"}],"predecessor-version":[{"id":717,"href":"https:\/\/smc.ihcantabria.es\/SMC25\/wp-json\/wp\/v2\/pages\/99\/revisions\/717"}],"wp:attachment":[{"href":"https:\/\/smc.ihcantabria.es\/SMC25\/wp-json\/wp\/v2\/media?parent=99"}],"curies":[{"name":"wp","href":"https:\/\/api.w.org\/{rel}","templated":true}]}}