{"id":91,"date":"2013-04-19T07:42:07","date_gmt":"2013-04-19T07:42:07","guid":{"rendered":"https:\/\/smc.ihcantabria.es\/SMC25\/?page_id=91"},"modified":"2017-03-13T12:35:22","modified_gmt":"2017-03-13T12:35:22","slug":"baco","status":"publish","type":"page","link":"https:\/\/smc.ihcantabria.es\/SMC25\/baco\/","title":{"rendered":"Baco"},"content":{"rendered":"<p><img loading=\"lazy\" decoding=\"async\" class=\"size-full wp-image-92 alignnone\" alt=\"logoBaco\" src=\"https:\/\/smc.ihcantabria.es\/SMC25\/wp-content\/uploads\/2013\/04\/logoBaco.gif\" width=\"200\" height=\"64\" \/><\/p>\n<p style=\"text-align: justify;\"><strong>BAtimetr\u00edas y cartas n\u00e1uticas de la COsta<\/strong><\/p>\n<p style=\"text-align: justify;\">Baco suministra al usuario la informaci\u00f3n batim\u00e9trica disponible de la zona de estudio.<\/p>\n<p style=\"text-align: justify;\">Dentro de las acciones que este programa permite llevar a cabo:<\/p>\n<ul>\n<li style=\"text-align: justify;\">Seleccionar para una zona de estudio a lo largo del litoral espa\u00f1ol, las cartas n\u00e1uticas y datos batim\u00e9tricos digitalizados de dicha \u00e1rea.<\/li>\n<li style=\"text-align: justify;\">Generar, con esta informaci\u00f3n, un proyecto SMC.<\/li>\n<\/ul>\n<p style=\"text-align: center;\"><a href=\"https:\/\/smc.ihcantabria.es\/SMC25\/wp-content\/uploads\/2013\/04\/baco.png\"><img loading=\"lazy\" decoding=\"async\" class=\"size-medium wp-image-93 aligncenter\" alt=\"baco\" src=\"https:\/\/smc.ihcantabria.es\/SMC25\/wp-content\/uploads\/2013\/04\/baco-300x232.png\" width=\"300\" height=\"232\" srcset=\"https:\/\/smc.ihcantabria.es\/SMC25\/wp-content\/uploads\/2013\/04\/baco-300x232.png 300w, https:\/\/smc.ihcantabria.es\/SMC25\/wp-content\/uploads\/2013\/04\/baco.png 919w\" sizes=\"auto, (max-width: 300px) 100vw, 300px\" \/><\/a><\/p>\n<p>&nbsp;<\/p>","protected":false},"excerpt":{"rendered":"<p>BAtimetr\u00edas y cartas n\u00e1uticas de la COsta Baco suministra al usuario la informaci\u00f3n batim\u00e9trica disponible de la zona de estudio. Dentro de las acciones que este programa permite llevar a cabo: Seleccionar para una zona de estudio a lo largo del litoral espa\u00f1ol, las cartas n\u00e1uticas y datos batim\u00e9tricos digitalizados de dicha \u00e1rea. Generar, con [&hellip;]<\/p>\n","protected":false},"author":2,"featured_media":0,"parent":0,"menu_order":0,"comment_status":"closed","ping_status":"open","template":"","meta":{"footnotes":""},"class_list":["post-91","page","type-page","status-publish","hentry"],"_links":{"self":[{"href":"https:\/\/smc.ihcantabria.es\/SMC25\/wp-json\/wp\/v2\/pages\/91","targetHints":{"allow":["GET"]}}],"collection":[{"href":"https:\/\/smc.ihcantabria.es\/SMC25\/wp-json\/wp\/v2\/pages"}],"about":[{"href":"https:\/\/smc.ihcantabria.es\/SMC25\/wp-json\/wp\/v2\/types\/page"}],"author":[{"embeddable":true,"href":"https:\/\/smc.ihcantabria.es\/SMC25\/wp-json\/wp\/v2\/users\/2"}],"replies":[{"embeddable":true,"href":"https:\/\/smc.ihcantabria.es\/SMC25\/wp-json\/wp\/v2\/comments?post=91"}],"version-history":[{"count":6,"href":"https:\/\/smc.ihcantabria.es\/SMC25\/wp-json\/wp\/v2\/pages\/91\/revisions"}],"predecessor-version":[{"id":1622,"href":"https:\/\/smc.ihcantabria.es\/SMC25\/wp-json\/wp\/v2\/pages\/91\/revisions\/1622"}],"wp:attachment":[{"href":"https:\/\/smc.ihcantabria.es\/SMC25\/wp-json\/wp\/v2\/media?parent=91"}],"curies":[{"name":"wp","href":"https:\/\/api.w.org\/{rel}","templated":true}]}}