{"id":56,"date":"2013-04-18T14:34:56","date_gmt":"2013-04-18T14:34:56","guid":{"rendered":"https:\/\/smc.ihcantabria.es\/SMC25\/?page_id=56"},"modified":"2025-10-16T07:34:04","modified_gmt":"2025-10-16T07:34:04","slug":"cursos","status":"publish","type":"page","link":"https:\/\/smc.ihcantabria.es\/SMC25\/cursos\/","title":{"rendered":"Cursos"},"content":{"rendered":"<p><\/p>\n<p style=\"text-align: justify;\">Al objeto de facilitar el uso de esta versi\u00f3n de SMC (<strong>SMC 2.5<\/strong>), disponemos de un curso on-line de utilizaci\u00f3n y manejo de la aplicaci\u00f3n.<\/p>\n<p style=\"text-align: justify;\">El programa SMC requiere la instalaci\u00f3n previa del software\u00a0SURFER (<a href=\"http:\/\/www.goldensoftware.com\/\" target=\"_blank\" rel=\"noopener noreferrer\">Golden Software<\/a>), el cual <span style=\"color: #ff0000;\"><strong>NO ser\u00e1 proporcionado por el grupo del SMC<\/strong><\/span>.<\/p>\n<p style=\"text-align: justify;\">El curso on-line est\u00e1 disponible en cualquier fecha. El usuario se conecta v\u00eda Internet con el curso cuando lo desee y sin l\u00edmite de tiempo.<\/p>\n<ul style=\"list-style-type: circle; text-align: justify;\">\n<li style=\"text-align: justify;\">El curso sigue el mismo temario que un\u00a0curso presencial y persigue, por medio de ejemplos y video-tutoriales, mostrar las capacidades de la herramienta y c\u00f3mo usarla.<\/li>\n<li style=\"text-align: justify;\">Se puede llevar a cabo en 5 semanas\u00a0con una intensidad media de 10 a 12 horas semanales.<\/li>\n<li style=\"text-align: justify;\">Durante el curso, se ofrecer\u00e1 una tutor\u00eda de apoyo a trav\u00e9s del correo electr\u00f3nico y el foro interno del curso. Esta tutor\u00eda no estar\u00e1 disponible durante el mes de agosto ni tampoco de 15 de diciembre a 15 de enero.<\/li>\n<li style=\"text-align: justify;\">El curso se mantiene abierto durante dos meses desde su apertura.<\/li>\n<\/ul>\n<p style=\"text-align: justify;\"><strong>Informaci\u00f3n adicional: <a href=\"https:\/\/smc.ihcantabria.es\/SMC25\/wp-content\/uploads\/2015\/09\/Cronograma_Temarioe-learning.pdf\" target=\"_blank\" rel=\"noopener noreferrer\">Estructura y\u00a0Cronograma del curso<\/a><\/strong><\/p>\n<p style=\"text-align: justify;\"><strong>Cuota de inscripci\u00f3n: <\/strong>500 \u20ac.<\/p>\n<p style=\"text-align: justify;\"><strong>Inscripci\u00f3n y pago<\/strong>: At trav\u00e9s del <strong><a href=\"https:\/\/www.capacitacionihcantabria.com\/p\/smc-sistema-de-modelado-costero\/\">portal de capacitaci\u00f3n de IHCantabria<\/a><\/strong>.<\/p>\n<p style=\"text-align: justify;\"><strong><a href=\"https:\/\/moodle.unican.es\/login\/index.php\">Acceso al curso<\/a><\/strong>\u00a0(<strong>requiere registro previo y pago de la cuota<\/strong>)<\/p>\n<p><\/p>","protected":false},"excerpt":{"rendered":"<p>Al objeto de facilitar el uso de esta versi\u00f3n de SMC (SMC 2.5), disponemos de un curso on-line de utilizaci\u00f3n y manejo de la aplicaci\u00f3n. El programa SMC requiere la instalaci\u00f3n previa del software\u00a0SURFER (Golden Software), el cual NO ser\u00e1 proporcionado por el grupo del SMC. El curso on-line est\u00e1 disponible en cualquier fecha. El [&hellip;]<\/p>\n","protected":false},"author":2,"featured_media":0,"parent":0,"menu_order":0,"comment_status":"closed","ping_status":"open","template":"","meta":{"footnotes":""},"class_list":["post-56","page","type-page","status-publish","hentry"],"_links":{"self":[{"href":"https:\/\/smc.ihcantabria.es\/SMC25\/wp-json\/wp\/v2\/pages\/56","targetHints":{"allow":["GET"]}}],"collection":[{"href":"https:\/\/smc.ihcantabria.es\/SMC25\/wp-json\/wp\/v2\/pages"}],"about":[{"href":"https:\/\/smc.ihcantabria.es\/SMC25\/wp-json\/wp\/v2\/types\/page"}],"author":[{"embeddable":true,"href":"https:\/\/smc.ihcantabria.es\/SMC25\/wp-json\/wp\/v2\/users\/2"}],"replies":[{"embeddable":true,"href":"https:\/\/smc.ihcantabria.es\/SMC25\/wp-json\/wp\/v2\/comments?post=56"}],"version-history":[{"count":55,"href":"https:\/\/smc.ihcantabria.es\/SMC25\/wp-json\/wp\/v2\/pages\/56\/revisions"}],"predecessor-version":[{"id":5072,"href":"https:\/\/smc.ihcantabria.es\/SMC25\/wp-json\/wp\/v2\/pages\/56\/revisions\/5072"}],"wp:attachment":[{"href":"https:\/\/smc.ihcantabria.es\/SMC25\/wp-json\/wp\/v2\/media?parent=56"}],"curies":[{"name":"wp","href":"https:\/\/api.w.org\/{rel}","templated":true}]}}