{"id":41,"date":"2013-04-18T14:25:34","date_gmt":"2013-04-18T14:25:34","guid":{"rendered":"https:\/\/smc.ihcantabria.es\/SMC25\/?page_id=41"},"modified":"2017-03-13T13:06:19","modified_gmt":"2017-03-13T13:06:19","slug":"estructura-del-smc","status":"publish","type":"page","link":"https:\/\/smc.ihcantabria.es\/SMC25\/estructura-del-smc\/","title":{"rendered":"Estructura"},"content":{"rendered":"<p><\/p>\n<p style=\"text-align: justify;\">El Sistema de Modelado Costero, SMC, forma parte de un conjunto de herramientas y documentos elaborados en el proyecto de I+D+I denominado \u00abModelo de Ayuda a la Gesti\u00f3n del Litoral\u00bb. Dicho proyecto, desarrollado por la Universidad de Cantabria para la Direcci\u00f3n General de Sostenibilidad de la Costa y del Mar ha tenido como objetivos fundamentales:<\/p>\n<ul style=\"text-align: justify;\">\n<li>Conocer con precisi\u00f3n la din\u00e1mica y la evoluci\u00f3n de los sistemas costeros,<\/li>\n<li>Dise\u00f1ar con fiabilidad las estrategias de actuaci\u00f3n necesarias para evitar la regresi\u00f3n de la costa y la inundaci\u00f3n de las zonas bajas litorales,<\/li>\n<li>Establecer una metodolog\u00eda para el dise\u00f1o, ejecuci\u00f3n y seguimiento de las actuaciones a realizar en la costa espa\u00f1ola,<\/li>\n<li>Desarrollar una serie de herramientas num\u00e9ricas que permitan la aplicaci\u00f3n de las metodolog\u00edas establecidas,<\/li>\n<li>Recopilar la experiencia espa\u00f1ola en el campo de la Ingenier\u00eda Litoral.<\/li>\n<\/ul>\n<p style=\"text-align: justify;\">La estructura de los documentos y modelos desarrollados en el seno del proyecto se presentan en el cuadro adjunto.<\/p>\n<p style=\"text-align: center;\"><a href=\"https:\/\/smc.ihcantabria.es\/SMC25\/wp-content\/uploads\/2013\/04\/esquema_SMC.png\"><img loading=\"lazy\" decoding=\"async\" class=\"size-full wp-image-50 aligncenter\" src=\"https:\/\/smc.ihcantabria.es\/SMC25\/wp-content\/uploads\/2013\/04\/esquema_SMC.png\" alt=\"esquema_SMC\" width=\"470\" height=\"341\" srcset=\"https:\/\/smc.ihcantabria.es\/SMC25\/wp-content\/uploads\/2013\/04\/esquema_SMC.png 470w, https:\/\/smc.ihcantabria.es\/SMC25\/wp-content\/uploads\/2013\/04\/esquema_SMC-300x217.png 300w\" sizes=\"auto, (max-width: 470px) 100vw, 470px\" \/><\/a><\/p>\n<p><\/p>","protected":false},"excerpt":{"rendered":"<p>El Sistema de Modelado Costero, SMC, forma parte de un conjunto de herramientas y documentos elaborados en el proyecto de I+D+I denominado \u00abModelo de Ayuda a la Gesti\u00f3n del Litoral\u00bb. Dicho proyecto, desarrollado por la Universidad de Cantabria para la Direcci\u00f3n General de Sostenibilidad de la Costa y del Mar ha tenido como objetivos fundamentales: [&hellip;]<\/p>\n","protected":false},"author":2,"featured_media":0,"parent":0,"menu_order":0,"comment_status":"closed","ping_status":"open","template":"","meta":{"footnotes":""},"class_list":["post-41","page","type-page","status-publish","hentry"],"_links":{"self":[{"href":"https:\/\/smc.ihcantabria.es\/SMC25\/wp-json\/wp\/v2\/pages\/41","targetHints":{"allow":["GET"]}}],"collection":[{"href":"https:\/\/smc.ihcantabria.es\/SMC25\/wp-json\/wp\/v2\/pages"}],"about":[{"href":"https:\/\/smc.ihcantabria.es\/SMC25\/wp-json\/wp\/v2\/types\/page"}],"author":[{"embeddable":true,"href":"https:\/\/smc.ihcantabria.es\/SMC25\/wp-json\/wp\/v2\/users\/2"}],"replies":[{"embeddable":true,"href":"https:\/\/smc.ihcantabria.es\/SMC25\/wp-json\/wp\/v2\/comments?post=41"}],"version-history":[{"count":18,"href":"https:\/\/smc.ihcantabria.es\/SMC25\/wp-json\/wp\/v2\/pages\/41\/revisions"}],"predecessor-version":[{"id":1631,"href":"https:\/\/smc.ihcantabria.es\/SMC25\/wp-json\/wp\/v2\/pages\/41\/revisions\/1631"}],"wp:attachment":[{"href":"https:\/\/smc.ihcantabria.es\/SMC25\/wp-json\/wp\/v2\/media?parent=41"}],"curies":[{"name":"wp","href":"https:\/\/api.w.org\/{rel}","templated":true}]}}