{"id":363,"date":"2015-07-10T13:40:11","date_gmt":"2015-07-10T13:40:11","guid":{"rendered":"https:\/\/smc.ihcantabria.es\/SMC25\/?page_id=363"},"modified":"2016-10-18T11:05:37","modified_gmt":"2016-10-18T11:05:37","slug":"descargas-smc2_5-espana","status":"publish","type":"page","link":"https:\/\/smc.ihcantabria.es\/SMC25\/descargas-smc2_5-espana\/","title":{"rendered":"Descargas SMC2.5-Espa\u00f1a"},"content":{"rendered":"<p><strong>Contenido<\/strong><\/p>\n<div>\n<ul>\n<li>Programas de preproceso del litoral espa\u00f1ol: Baco, Atlas, Od\u00edn.<\/li>\n<li>Tutor de Ingenier\u00eda de Costas (TIC).<\/li>\n<li>Programas de an\u00e1lisis a corto y largo plazo: Mopla, Petra, MMT.<\/li>\n<li>Documentaci\u00f3n completa: Manuales del usuario, Manuales de referencia, Documentos de referencia, Documentos tem\u00e1ticos.<\/li>\n<li>Utilidad AMEVA.<\/li>\n<\/ul>\n<\/div>\n<p><strong>Requerimientos<\/strong><\/p>\n<div>\n<ul>\n<li>Plataforma: PC, Intel, Dual-Core o superior.<\/li>\n<li>Sistema operativo: Windows XP, 7, 8 y 10 (<strong>No LINUX<\/strong>,\u00a0<strong>No MAC<\/strong>).<\/li>\n<li>Tipo de sistema: 32 o 64 bits (64 Bits requiere la instalaci\u00f3n del complemento).<\/li>\n<li>Memoria: 1GB RAM<\/li>\n<li>Espacio en disco duro: 200MB programa+ 700MB base de datos BACO\u00a0(Base de datos, opcional).<\/li>\n<li>Monitor en modo de video: m\u00ednimo 1280&#215;1024 o 1440&#215;900 (esto si es en formato\u00a0panor\u00e1mico).<\/li>\n<li>Conexi\u00f3n a red.<\/li>\n<li>Configuraci\u00f3n regional: Decimales separados por puntos en lugar de usar comas.<\/li>\n<li>SURFER instalado.\u00a0\u00a0<strong>La versi\u00f3n\u00a0de surfer no puede ser una demo. <\/strong>Se recomienda usar las\u00a0versiones 8-11 (no se han probado versiones superiores).<strong> <span style=\"color: #ff0000;\">SURFER\u00a0NO ser\u00e1 suministrado por el grupo del SMC<\/span>. <\/strong>Este software se puede obtener en\u00a0 <a href=\"http:\/\/www.goldensoftware.com\/\" target=\"_blank\">Golden Software<\/a>. En el ANEJO I del <a href=\"https:\/\/smc.ihcantabria.es\/SMC25\/wp-content\/uploads\/2015\/10\/Instalacion_SMC.pdf\" target=\"_blank\">manual de instalaci\u00f3n del SMC<\/a> se indica c\u00f3mo configurar SURFER para que funcione correctamente con SMC.<\/li>\n<\/ul>\n<\/div>\n<p>&nbsp;<\/p>\n<div><\/div>\n<div><div id=\"rpt_pricr\" class=\"rpt_plans rpt_3_plans rpt_style_basic\"><div class=\"\"><div class=\"rpt_plan  rpt_plugin_f rpt_plan_0  \"><div style=\"text-align:center;\" class=\"rpt_title rpt_title_0\">Software y manuales<\/div><div class=\"rpt_head rpt_head_0\"><div class=\"rpt_price rpt_price_0\"><\/div><\/div><div class=\"rpt_features rpt_features_0\"><div style=\"color:black;\" class=\"rpt_feature rpt_feature_0-0\"><strong>Manuales de usuario (SMC)<\/strong>\r<\/div><div style=\"color:black;\" class=\"rpt_feature rpt_feature_0-1\">Sistema de Modelado Costero (<a href=\"https:\/\/smc.ihcantabria.es\/SMC25\/wp-content\/uploads\/2015\/08\/Manual-del-usuario-SMC.pdf\">SMC<\/a>)<\/li>\r<\/div><div style=\"color:black;\" class=\"rpt_feature rpt_feature_0-2\"><li>Batimetr\u00edas y costas (<a href=\"https:\/\/smc.ihcantabria.es\/SMC25\/wp-content\/uploads\/2015\/08\/Manual-del-usuario-de-Baco.pdf\" target=\"_blank\">BACO<\/a>)<\/li>\r<\/div><div style=\"color:black;\" class=\"rpt_feature rpt_feature_0-3\"><li>Oleaje y Din\u00e1micas (<a href=\"https:\/\/smc.ihcantabria.es\/SMC25\/wp-content\/uploads\/2015\/08\/Manual-del-usuario-de-Odin.pdf\" target=\"_blank\">ODIN<\/a>)<\/li>\r<\/div><div style=\"color:black;\" class=\"rpt_feature rpt_feature_0-4\"><li>Morfodin\u00e1mica en Playas (<a href=\"https:\/\/smc.ihcantabria.es\/SMC25\/wp-content\/uploads\/2021\/10\/Manual-del-usuario-de-Mopla_BC.pdf\" target=\"_blank\">MOPLA <\/a>)<\/li>\r<\/div><div style=\"color:black;\" class=\"rpt_feature rpt_feature_0-5\"><li>Perfil Transversal (<a href=\"https:\/\/smc.ihcantabria.es\/SMC25\/wp-content\/uploads\/2015\/08\/Manual-del-usuario-de-Petra.pdf\" target=\"_blank\">PETRA<\/a>)<\/li>\r<\/div><div style=\"color:black;\" class=\"rpt_feature rpt_feature_0-6\"><li>Tutor Ingenier\u00eda Costas (<a href=\"https:\/\/smc.ihcantabria.es\/SMC25\/wp-content\/uploads\/2015\/08\/Manual-del-usuario-de-Tic.pdf\" target=\"_blank\">TIC<\/a>)<\/li>\r<\/div><div style=\"color:black;\" class=\"rpt_feature rpt_feature_0-7\"><strong>Informaci\u00f3n adicional<\/strong>\r<\/div><div style=\"color:black;\" class=\"rpt_feature rpt_feature_0-8\"><li>Descripci\u00f3n ficheros MOPLA (<a href=\"https:\/\/smc.ihcantabria.es\/SMC25\/wp-content\/uploads\/2015\/10\/Identificacion-columnas-ficheros-resultados-Mopla.pdf\">pdf<\/a>)<\/li>\r<\/div><div style=\"color:black;\" class=\"rpt_feature rpt_feature_0-9\"><li>Manual instalaci\u00f3n SMC (<a href=\"https:\/\/smc.ihcantabria.es\/SMC25\/wp-content\/uploads\/2015\/10\/Instalacion_SMC.pdf\">pdf<\/a>)<\/li><\/div><\/div><a target=\"_self\" href=\"https:\/\/smc.ihcantabria.es\/SMC25\/es\/descarga-software\/\" style=\"background:#9fdb80\" class=\"rpt_foot rpt_foot_0\">Software<\/a><\/div><div class=\"rpt_plan  rpt_plugin_f rpt_plan_1  \"><div style=\"text-align:center;\" class=\"rpt_title rpt_title_1\">Manuales de referencia<\/div><div class=\"rpt_head rpt_head_1\"><div class=\"rpt_price rpt_price_1\"><\/div><\/div><div class=\"rpt_features rpt_features_1\"><div style=\"color:black;\" class=\"rpt_feature rpt_feature_1-0\"><li>Manual de referencia <a href=\"https:\/\/smc.ihcantabria.es\/SMC25\/wp-content\/uploads\/2015\/08\/Manual-de-referencia-de-Baco.pdf\" target=\"_blank\">BACO<\/a><\/li>\r<\/div><div style=\"color:black;\" class=\"rpt_feature rpt_feature_1-1\"><li>Manual de referencia <a href=\"https:\/\/smc.ihcantabria.es\/SMC25\/wp-content\/uploads\/2015\/08\/Manual-de-referencia-de-Odin.pdf\" target=\"_blank\">ODIN<\/a><\/li>\r<\/div><div style=\"color:black;\" class=\"rpt_feature rpt_feature_1-2\"><li>Modelo de propagaci\u00f3n de oleaje monocrom\u00e1tico <a href=\"https:\/\/smc.ihcantabria.es\/SMC25\/wp-content\/uploads\/2015\/08\/Manual-de-referencia-de-Oluca-MC.pdf\" target=\"_blank\">OLUCA-MC<\/a><\/li>\r<\/div><div style=\"color:black;\" class=\"rpt_feature rpt_feature_1-3\"><li>Modelo de propagaci\u00f3n de oleaje espectral <a href=\"https:\/\/smc.ihcantabria.es\/SMC25\/wp-content\/uploads\/2015\/08\/Manual-de-referencia-de-Oluca-SP.pdf\" target=\"_blank\">OLUCA-SP<\/a><\/li>\r<\/div><div style=\"color:black;\" class=\"rpt_feature rpt_feature_1-4\"><li>Modelo de corrientes de rotura en playas <a href=\"https:\/\/smc.ihcantabria.es\/SMC25\/wp-content\/uploads\/2015\/08\/Manual-de-referencia-de-Copla-MCSP.pdf\" target=\"_blank\">COPLA-MC\/SP<\/a><\/li>\r<\/div><div style=\"color:black;\" class=\"rpt_feature rpt_feature_1-5\"><li>Modelo de erosi\u00f3n-sedimentaci\u00f3n <a href=\"https:\/\/smc.ihcantabria.es\/SMC25\/wp-content\/uploads\/2015\/08\/Manual-de-referencia-de-Eros.pdf\" target=\"_blank\">EROS<\/a><\/li>\r<\/div><div style=\"color:black;\" class=\"rpt_feature rpt_feature_1-6\"><li>Modelo de evoluci\u00f3n del perfil transversal de playa <a href=\"https:\/\/smc.ihcantabria.es\/SMC25\/wp-content\/uploads\/2015\/11\/Manual-de-referencia-de-Petra.pdf\" target=\"_blank\">PETRA<\/a><\/li>\r<\/div><\/div><a target=\"_self\" style=\"background:#9fdb80\" class=\"rpt_foot rpt_foot_1\"><\/a><\/div><div class=\"rpt_plan  rpt_plugin_f rpt_plan_2  \"><div style=\"text-align:center;\" class=\"rpt_title rpt_title_2\">Informaci\u00f3n Adicional<\/div><div class=\"rpt_head rpt_head_2\"><div class=\"rpt_price rpt_price_2\"><\/div><\/div><div class=\"rpt_features rpt_features_2\"><div style=\"color:black;\" class=\"rpt_feature rpt_feature_2-0\"><strong>Documentos tem\u00e1ticos <\/strong>\r<\/div><div style=\"color:black;\" class=\"rpt_feature rpt_feature_2-1\"><li>Documento tem\u00e1tico de<a href=\"https:\/\/smc.ihcantabria.es\/SMC25\/wp-content\/uploads\/2018\/06\/Documento-tematico-de-regeneracion-de-Playas.pdf\"> regeneraci\u00f3n de playas<\/a>\r<\/div><div style=\"color:black;\" class=\"rpt_feature rpt_feature_2-2\"><li>Documento tem\u00e1tico de<a href=\"https:\/\/smc.ihcantabria.es\/SMC25\/wp-content\/uploads\/2015\/08\/Documento-tematico-de-cota-de-inundacion.pdf\" target=\"_blank\"> cota de inundaci\u00f3n<\/a><\/li>\r<\/div><div style=\"color:black;\" class=\"rpt_feature rpt_feature_2-3\"><li>Documento complementario de<a href=\"https:\/\/smc.ihcantabria.es\/SMC25\/wp-content\/uploads\/2017\/03\/Documento-complementario-de-cota-de-inundacion_Con_ANEJOS.pdf\" target=\"_blank\"> cota de inundaci\u00f3n<\/a><\/li>\r<\/div><div style=\"color:black;\" class=\"rpt_feature rpt_feature_2-4\"><strong>Documentos de referencia <\/strong>\r<\/div><div style=\"color:black;\" class=\"rpt_feature rpt_feature_2-5\"><li>Volumen 1 \u2013<a href=\"https:\/\/smc.ihcantabria.es\/SMC25\/wp-content\/uploads\/2015\/08\/Documento-de-referencia_Volumen1.pdf\" target=\"_blank\"> Din\u00e1micas<\/a><\/li>\r<\/div><div style=\"color:black;\" class=\"rpt_feature rpt_feature_2-6\"><li>Volumen 2 \u2013 <a href=\"https:\/\/smc.ihcantabria.es\/SMC25\/wp-content\/uploads\/2015\/08\/Documento-de-referencia_Volumen2.Procesos-litorales.pdf\" target=\"_blank\">Procesos litorales<\/a><\/li>\r<\/div><div style=\"color:black;\" class=\"rpt_feature rpt_feature_2-7\"><li>Volumen 3 \u2013 <a href=\"https:\/\/smc.ihcantabria.es\/SMC25\/wp-content\/uploads\/2015\/08\/Documento-de-referencia_Volumen3.Obras_.pdf\">Obras<\/a><\/li>\r<\/div><div style=\"color:black;\" class=\"rpt_feature rpt_feature_2-8\"><li>Volumen 4 \u2013 <a href=\"https:\/\/smc.ihcantabria.es\/SMC25\/wp-content\/uploads\/2015\/10\/Documento-de-referencia_Volumen4_Medio_Ambiente_Litoral.pdf\">Medio ambiente litoral<\/a><\/li>\r<\/div><div style=\"color:black;\" class=\"rpt_feature rpt_feature_2-9\"><li>Volumen 5 \u2013 <a href=\"https:\/\/smc.ihcantabria.es\/SMC25\/wp-content\/uploads\/2017\/11\/Documento-de-referencia_Volumen5.Apendices.pdf\">Ap\u00e9ndices<\/a><\/li><\/div><\/div><a target=\"_self\" style=\"background:#9fdb80\" class=\"rpt_foot rpt_foot_2\"><\/a><\/div><\/div><\/div><div style=\"clear:both;\"><\/div><\/div>\n<p><\/p>","protected":false},"excerpt":{"rendered":"<p>Contenido Programas de preproceso del litoral espa\u00f1ol: Baco, Atlas, Od\u00edn. Tutor de Ingenier\u00eda de Costas (TIC). Programas de an\u00e1lisis a corto y largo plazo: Mopla, Petra, MMT. Documentaci\u00f3n completa: Manuales del usuario, Manuales de referencia, Documentos de referencia, Documentos tem\u00e1ticos. Utilidad AMEVA. Requerimientos Plataforma: PC, Intel, Dual-Core o superior. Sistema operativo: Windows XP, 7, 8 [&hellip;]<\/p>\n","protected":false},"author":6,"featured_media":0,"parent":0,"menu_order":0,"comment_status":"closed","ping_status":"open","template":"","meta":{"footnotes":""},"class_list":["post-363","page","type-page","status-publish","hentry"],"_links":{"self":[{"href":"https:\/\/smc.ihcantabria.es\/SMC25\/wp-json\/wp\/v2\/pages\/363","targetHints":{"allow":["GET"]}}],"collection":[{"href":"https:\/\/smc.ihcantabria.es\/SMC25\/wp-json\/wp\/v2\/pages"}],"about":[{"href":"https:\/\/smc.ihcantabria.es\/SMC25\/wp-json\/wp\/v2\/types\/page"}],"author":[{"embeddable":true,"href":"https:\/\/smc.ihcantabria.es\/SMC25\/wp-json\/wp\/v2\/users\/6"}],"replies":[{"embeddable":true,"href":"https:\/\/smc.ihcantabria.es\/SMC25\/wp-json\/wp\/v2\/comments?post=363"}],"version-history":[{"count":83,"href":"https:\/\/smc.ihcantabria.es\/SMC25\/wp-json\/wp\/v2\/pages\/363\/revisions"}],"predecessor-version":[{"id":1337,"href":"https:\/\/smc.ihcantabria.es\/SMC25\/wp-json\/wp\/v2\/pages\/363\/revisions\/1337"}],"wp:attachment":[{"href":"https:\/\/smc.ihcantabria.es\/SMC25\/wp-json\/wp\/v2\/media?parent=363"}],"curies":[{"name":"wp","href":"https:\/\/api.w.org\/{rel}","templated":true}]}}