{"id":2456,"date":"2018-09-04T08:31:48","date_gmt":"2018-09-04T08:31:48","guid":{"rendered":"https:\/\/smc.ihcantabria.es\/SMC25\/?page_id=2456"},"modified":"2019-11-20T13:56:22","modified_gmt":"2019-11-20T13:56:22","slug":"registro","status":"publish","type":"page","link":"https:\/\/smc.ihcantabria.es\/SMC25\/registro\/","title":{"rendered":"Registro"},"content":{"rendered":"<p><!-- \n\n\n\n<header class=\"entry-header\">\n\n\n<h1 class=\"entry-title\"><\/h1>\n\n\n<\/header>\n\n\n\n\n<div class=\"entry-content\">\n\nEs necesario registrarse como usuario para poder descargar los programas y documentos asociados a esta versi\u00f3n de SMC, as\u00ed como para poder solicitar la licencia\u00a0del programa.\n\nEl proceso de registro s\u00f3lo lo deben realizar las personas que hayan asistido a alg\u00fan curso del SMC o que demuestren tener los conocimientos previos para su uso (como Universidades, Instituciones, etc.).\n\nEn este momento estamos llevando a cabo algunas modificaciones en la p\u00e1gina web, rogamos disculpen las molestias generadas.\n\nSi necesita registrarse, por favor p\u00f3ngase en contacto con nosotros (<a href=\"mailto:smc@ihcantabria.com\">smc@ihcantabria.com<\/a>), facilit\u00e1ndonos la siguiente informaci\u00f3n:\n\nInformaci\u00f3n de usuario:\n\n\n<p style=\"padding-left: 30px;\">Nombre de usuario *\nContrase\u00f1a * (<span style=\"color: #ff0000;\">La contrase\u00f1a debe contener al menos 8 caracteres alfanum\u00e9ricos y ser robusta<\/span>)\nOrganizaci\u00f3n *\nDirecci\u00f3n *\nCiudad *\nPa\u00eds *\nP\u00e1gina web\n\u00c1reas de actividad o investigaci\u00f3n\n\nInformaci\u00f3n de la persona de contacto encargada de la gesti\u00f3n del usuario en su empresa\/entidad:\n\n\n<p style=\"padding-left: 30px;\">Apellidos *\nNombre *\nTel\u00e9fono\nFax\nEmail * (Tu direcci\u00f3n de correo electr\u00f3nico no ser\u00e1 publicada)\n\n\n<p style=\"padding-left: 30px;\"><label for=\"maillist\">Acepto recibir informaci\u00f3n<\/label>\u00a0* (S\u00cd\/NO)<\/p>\n\n\n\n<span style=\"color: #ff0000;\">Los campos necesarios est\u00e1n marcados con un asterisco (*)<\/span><\/div>\n\n\n&nbsp;\n--><br \/>\n<form action=\"\/SMC25\/wp-json\/wp\/v2\/pages\/2456\" method=\"post\" class=\"licensing\" id=\"l_registerform\">\r\n\r\n  <input type=\"hidden\" id=\"nonce\" name=\"nonce\" value=\"bde2cfbafc\" \/><input type=\"hidden\" name=\"_wp_http_referer\" value=\"\/SMC25\/wp-json\/wp\/v2\/pages\/2456\" \/>\r\n  \r\n\r\n  <fieldset>\r\n    <legend><strong>Datos de acceso<\/strong><\/legend>\r\n\r\n    <p class=\"register-form-username \">\r\n      <label for=\"username\">Nombre de usuario<\/label>\r\n      <span class=\"required\">*<\/span>\r\n            <input id=\"username\" name=\"username\" type=\"text\" value=\"\" size=\"16\" \/>\r\n      <span class=\"description\">Lo necesitar\u00e1s para generar c\u00f3digos de licencia. Por ejemplo: <code>stallman_79<\/code>.<\/span>\r\n    <\/p>\r\n\r\n    <p class=\"register-form-password \">\r\n      <label for=\"password\">Contrase\u00f1a<\/label>\r\n      <span class=\"required\">*<\/span>\r\n            <input id=\"password\" name=\"password\" type=\"password\" value=\"\" size=\"16\" \/>\r\n    <\/p>\r\n\r\n    <p class=\"register-form-password2 \">\r\n      <label for=\"password2\">Reintroduce la contrase\u00f1a<\/label>\r\n      <span class=\"required\">*<\/span>\r\n            <input id=\"password2\" name=\"password2\" type=\"password\" value=\"\" size=\"16\" \/>\r\n    <\/p>\r\n\r\n  <\/fieldset>\r\n\r\n  <fieldset>\r\n    <legend><strong>Datos de la organizaci\u00f3n<\/strong><\/legend>\r\n\r\n    <p class=\"register-form-organization \">\r\n      <label for=\"organization\">Organizaci\u00f3n<\/label>\r\n      <span class=\"required\">*<\/span>\r\n            <input id=\"organization\" name=\"organization\" type=\"text\" value=\"\" size=\"48\" \/>\r\n      <span class=\"description\">Entidad, empresa u organizaci\u00f3n a la que perteneces<\/span>\r\n    <\/p>\r\n\r\n    <p class=\"register-form-address \">\r\n      <label for=\"address\">Direcci\u00f3n<\/label>\r\n      <span class=\"required\">*<\/span>\r\n            <input id=\"address\" name=\"address\" type=\"text\" value=\"\" size=\"64\" \/>\r\n    <\/p>\r\n\r\n    <p class=\"register-form-town \">\r\n      <label for=\"town\">Ciudad<\/label>\r\n      <span class=\"required\">*<\/span>\r\n            <input id=\"town\" name=\"town\" type=\"text\" value=\"\" size=\"64\" \/>\r\n    <\/p>\r\n\r\n    <p class=\"register-form-country \">\r\n      <label for=\"country\">Pa\u00eds<\/label>\r\n      <span class=\"required\">*<\/span>\r\n            <input id=\"country\" name=\"country\" type=\"text\" value=\"\" size=\"32\" \/>\r\n    <\/p>\r\n\r\n    <p class=\"register-form-website \">\r\n      <label for=\"website\">P\u00e1gina web<\/label>\r\n            <input id=\"website\" name=\"website\" type=\"text\" placeholder=\"http:\/\/\" value=\"\" size=\"64\" \/>\r\n    <\/p>\r\n\r\n    <p class=\"register-form-interests \">\r\n      <label for=\"interests\">\u00c1reas de actividad o investigaci\u00f3n<\/label>\r\n            <textarea id=\"interests\" name=\"interests\" cols=\"45\" rows=\"2\" aria-required=\"true\"><\/textarea>\r\n    <\/p>\r\n\r\n  <\/fieldset>\r\n\r\n  <fieldset>\r\n    <legend><strong>Datos de la persona de contacto<\/strong><\/legend>\r\n    <p class=\"comment-notes\"><span class=\"required\">*<\/span> \u00c9sta ser\u00e1 la persona responsable de la gesti\u00f3n de las licencias <\/p>\r\n\t\r\n    <p class=\"register-form-surname \">\r\n      <label for=\"surname\">Apellidos<\/label>\r\n      <span class=\"required\">*<\/span>\r\n            <input id=\"surname\" name=\"surname\" type=\"text\" value=\"\" size=\"64\" \/>\r\n    <\/p>\r\n\r\n    <p class=\"register-form-nickname \">\r\n      <label for=\"nickname\">Nombre<\/label>\r\n      <span class=\"required\">*<\/span>\r\n            <input id=\"nickname\" name=\"nickname\" type=\"text\" value=\"\" size=\"32\" \/>\r\n    <\/p>\r\n\t\r\n\t<p class=\"register-form-position \">\r\n      <label for=\"position\">Posici\u00f3n en la organizaci\u00f3n<\/label>\r\n      <span class=\"required\">*<\/span>\r\n            <input id=\"position\" name=\"position\" type=\"text\" value=\"\" size=\"32\" \/>\r\n\t  <span class=\"description\">Posici\u00f3n en la empresa u organizaci\u00f3n a la que perteneces<\/span>\r\n    <\/p>\r\n\r\n    <p class=\"register-form-phone \">\r\n      <label for=\"phone\">Tel\u00e9fono<\/label>\r\n            <input id=\"phone\" name=\"phone\" type=\"text\" value=\"\" size=\"32\" \/>\r\n    <\/p>\r\n\r\n    <p class=\"register-form-fax \">\r\n      <label for=\"fax\">Fax<\/label>\r\n            <input id=\"fax\" name=\"fax\" type=\"text\" value=\"\" size=\"32\" \/>\r\n    <\/p>\r\n\r\n    <p class=\"register-form-email \">\r\n      <label for=\"email\">Email<\/label>\r\n      <span class=\"required\">*<\/span>\r\n            <input id=\"email\" name=\"email\" type=\"text\" value=\"\" size=\"64\" \/>\r\n\t  \r\n    <\/p>\r\n\t\r\n\t<p class=\"register-form-mailist \">\r\n      <label for=\"maillist\">Acepto recibir informaci\u00f3n<\/label>\r\n      <span class=\"required\">*<\/span>\r\n      \t<!-- L\u00ednea de mailis select, modificada para que directamente quede elegida una opci\u00f3n -->\r\n\t<p>\r\n\t<select id=\"maillist\" name=\"maillist\" value=\"\" >\r\n\t  <option value=\"Si\">Si<\/option>\r\n\t  <option value=\"No\">No<\/option>\r\n\r\n\t<\/select>\r\n\t<\/p>\r\n\t \r\n     <span class=\"description\">Si deseas recibir informaci\u00f3n sobre cursos o actualizaciones del software escribe S\u00ed<\/span>\t  \r\n\t  <span class=\"description\">En caso contrario, escribe No y s\u00f3lo te escribiremos cuando sea necesario para gestionar tu registro.<\/span>\r\n    <\/p>\r\n\r\n  <\/fieldset>\r\n\r\n  <p class=\"form-submit\">\r\n    <input name=\"submit\" type=\"submit\" id=\"submit\" value=\"Registrar datos\" \/>\r\n    <input type=\"hidden\" name=\"form_type\" id=\"form_type\" value=\"register\" \/>\r\n  <\/p>\r\n\r\n<\/form>\r\n<\/p>\n<p><\/p>","protected":false},"excerpt":{"rendered":"","protected":false},"author":7,"featured_media":0,"parent":0,"menu_order":0,"comment_status":"closed","ping_status":"closed","template":"","meta":{"footnotes":""},"class_list":["post-2456","page","type-page","status-publish","hentry"],"_links":{"self":[{"href":"https:\/\/smc.ihcantabria.es\/SMC25\/wp-json\/wp\/v2\/pages\/2456","targetHints":{"allow":["GET"]}}],"collection":[{"href":"https:\/\/smc.ihcantabria.es\/SMC25\/wp-json\/wp\/v2\/pages"}],"about":[{"href":"https:\/\/smc.ihcantabria.es\/SMC25\/wp-json\/wp\/v2\/types\/page"}],"author":[{"embeddable":true,"href":"https:\/\/smc.ihcantabria.es\/SMC25\/wp-json\/wp\/v2\/users\/7"}],"replies":[{"embeddable":true,"href":"https:\/\/smc.ihcantabria.es\/SMC25\/wp-json\/wp\/v2\/comments?post=2456"}],"version-history":[{"count":7,"href":"https:\/\/smc.ihcantabria.es\/SMC25\/wp-json\/wp\/v2\/pages\/2456\/revisions"}],"predecessor-version":[{"id":2872,"href":"https:\/\/smc.ihcantabria.es\/SMC25\/wp-json\/wp\/v2\/pages\/2456\/revisions\/2872"}],"wp:attachment":[{"href":"https:\/\/smc.ihcantabria.es\/SMC25\/wp-json\/wp\/v2\/media?parent=2456"}],"curies":[{"name":"wp","href":"https:\/\/api.w.org\/{rel}","templated":true}]}}