{"id":228,"date":"2015-06-23T11:48:51","date_gmt":"2015-06-23T11:48:51","guid":{"rendered":"https:\/\/smc.ihcantabria.es\/SMC25\/?page_id=228"},"modified":"2017-10-27T10:03:21","modified_gmt":"2017-10-27T10:03:21","slug":"inicio","status":"publish","type":"page","link":"https:\/\/smc.ihcantabria.es\/SMC25\/","title":{"rendered":"Inicio"},"content":{"rendered":"<p><\/p>\n<p style=\"text-align: justify;\">El Instituto de Hidr\u00e1ulica Ambiental de la Universidad de Cantabria (<a href=\"http:\/\/www.ihcantabria.com\/\" target=\"_blank\" rel=\"noopener\">IHCantabria<\/a>), en colaboraci\u00f3n con la Direcci\u00f3n General de Sostenibilidad de la Costa y del Mar, desarroll\u00f3 entre 1995 y 2002 el Sistema de Modelado Costero (SMC), que es un conjunto de metodolog\u00edas y modelos num\u00e9ricos que permiten estudiar los procesos costeros y sus efectos en la costa debidos a eventos naturales o actuaciones humanas en la costa. Dentro de este proyecto, se desarrollaron un conjunto de documentos t\u00e9cnico-cient\u00edficos que recog\u00edan todas las metodolog\u00edas de dise\u00f1o y evaluaci\u00f3n de procesos costeros implementados en el SMC.<\/p>\n<p style=\"text-align: justify;\">SMC adem\u00e1s inclu\u00eda una base de datos de oleaje obtenida de observaciones visuales, la batimetr\u00eda a lo largo de la costa espa\u00f1ola obtenida a partir de las cartas n\u00e1uticas existentes y una base de datos de referencias del nivel del mar en diferentes zonas de la costa espa\u00f1ola.<\/p>\n<p style=\"text-align: justify;\">SMC es un sistema de libre distribuci\u00f3n, con una interfaz gr\u00e1fica amigable y un amplio rango de aplicaciones, dise\u00f1ado para ayudar a diferentes tipos de usuarios (ingenieros, t\u00e9cnicos, investigadores, ocean\u00f3grafos, licenciados en ciencias del mar, etc.) en el desarrollo de sus proyectos o estudios en la costa.<\/p>\n<p style=\"text-align: justify;\">Este sistema fue dise\u00f1ado originalmente para Espa\u00f1a, pero posteriormente fue implementado en Colombia, T\u00fanez (en franc\u00e9s) y Taiw\u00e1n (en ingl\u00e9s), incluyendo sus correspondientes bases de datos locales (oleajes, niveles y batimetr\u00eda) en funci\u00f3n de la informaci\u00f3n disponible.<\/p>\n<p style=\"text-align: justify;\">Dada su rigurosidad cient\u00edfica, su f\u00e1cil adaptabilidad a las distintas condiciones existentes en cada pa\u00eds y su amplio rango de aplicaciones, SMC ha sido exportado a m\u00e1s de 60 pa\u00edses como Estados Unidos, Costa Rica, M\u00e9xico, Argelia, etc., donde se emplean las metodolog\u00edas, modelos num\u00e9ricos implementados para abordar diversos problemas costeros y como ayuda en el dise\u00f1o de actuaciones en la costa y planes de gesti\u00f3n del litoral.<\/p>\n<div id=\"viz1509097437217\" class=\"tableauPlaceholder\" style=\"position: relative;\"><noscript><a href='http:&#47;&#47;smc.ihcantabria.com'><img alt='Presencia SMC 2.5 ' src='https:&#47;&#47;public.tableau.com&#47;static&#47;images&#47;Re&#47;RegistrosSMC2_5&#47;PresenciaSMC2_5&#47;1_rss.png' style='border: none' \/><\/a><\/noscript><object class=\"tableauViz\" style=\"display: none;\" width=\"300\" height=\"150\" data-mce-fragment=\"1\"><param name=\"host_url\" value=\"https%3A%2F%2Fpublic.tableau.com%2F\" \/><param name=\"embed_code_version\" value=\"3\" \/><param name=\"site_root\" value=\"\" \/><param name=\"name\" value=\"RegistrosSMC2_5\/PresenciaSMC2_5\" \/><param name=\"tabs\" value=\"no\" \/><param name=\"toolbar\" value=\"no\" \/><param name=\"static_image\" value=\"https:\/\/public.tableau.com\/static\/images\/Re\/RegistrosSMC2_5\/PresenciaSMC2_5\/1.png\" \/><param name=\"animate_transition\" value=\"yes\" \/><param name=\"display_static_image\" value=\"yes\" \/><param name=\"display_spinner\" value=\"yes\" \/><param name=\"display_overlay\" value=\"yes\" \/><param name=\"display_count\" value=\"yes\" \/><param name=\"filter\" value=\"publish=yes\" \/><\/object><\/div>\n<p><script type=\"text\/javascript\">                    var divElement = document.getElementById('viz1509097437217');                    var vizElement = divElement.getElementsByTagName('object')[0];                    vizElement.style.width='100%';vizElement.style.height=(divElement.offsetWidth*0.75)+'px';                    var scriptElement = document.createElement('script');                    scriptElement.src = 'https:\/\/public.tableau.com\/javascripts\/api\/viz_v1.js';                    vizElement.parentNode.insertBefore(scriptElement, vizElement);                <\/script><\/p>","protected":false},"excerpt":{"rendered":"<p>El Instituto de Hidr\u00e1ulica Ambiental de la Universidad de Cantabria (IHCantabria), en colaboraci\u00f3n con la Direcci\u00f3n General de Sostenibilidad de la Costa y del Mar, desarroll\u00f3 entre 1995 y 2002 el Sistema de Modelado Costero (SMC), que es un conjunto de metodolog\u00edas y modelos num\u00e9ricos que permiten estudiar los procesos costeros y sus efectos en [&hellip;]<\/p>\n","protected":false},"author":4,"featured_media":0,"parent":0,"menu_order":0,"comment_status":"closed","ping_status":"open","template":"","meta":{"footnotes":""},"class_list":["post-228","page","type-page","status-publish","hentry"],"_links":{"self":[{"href":"https:\/\/smc.ihcantabria.es\/SMC25\/wp-json\/wp\/v2\/pages\/228","targetHints":{"allow":["GET"]}}],"collection":[{"href":"https:\/\/smc.ihcantabria.es\/SMC25\/wp-json\/wp\/v2\/pages"}],"about":[{"href":"https:\/\/smc.ihcantabria.es\/SMC25\/wp-json\/wp\/v2\/types\/page"}],"author":[{"embeddable":true,"href":"https:\/\/smc.ihcantabria.es\/SMC25\/wp-json\/wp\/v2\/users\/4"}],"replies":[{"embeddable":true,"href":"https:\/\/smc.ihcantabria.es\/SMC25\/wp-json\/wp\/v2\/comments?post=228"}],"version-history":[{"count":32,"href":"https:\/\/smc.ihcantabria.es\/SMC25\/wp-json\/wp\/v2\/pages\/228\/revisions"}],"predecessor-version":[{"id":2021,"href":"https:\/\/smc.ihcantabria.es\/SMC25\/wp-json\/wp\/v2\/pages\/228\/revisions\/2021"}],"wp:attachment":[{"href":"https:\/\/smc.ihcantabria.es\/SMC25\/wp-json\/wp\/v2\/media?parent=228"}],"curies":[{"name":"wp","href":"https:\/\/api.w.org\/{rel}","templated":true}]}}