{"id":2035,"date":"2017-10-27T12:29:08","date_gmt":"2017-10-27T12:29:08","guid":{"rendered":"https:\/\/smc.ihcantabria.es\/SMC25\/?page_id=2035"},"modified":"2019-03-18T12:27:08","modified_gmt":"2019-03-18T12:27:08","slug":"referencias","status":"publish","type":"page","link":"https:\/\/smc.ihcantabria.es\/SMC25\/referencias\/","title":{"rendered":"Referencias"},"content":{"rendered":"<p><\/p>\n<ul>\n<li>Medina, R., Gonz\u00e1lez, M., Castanedo, S., Pe\u00f1a, C., Carri\u00f3n, V., 2002. Herramientas para el an\u00e1lisis y evaluaci\u00f3n del impacto de la construcci\u00f3n de obras portuarias en el litoral, in: I Congreso de Ingenier\u00eda Civil, Territorio Y Medio Ambiente. pp. 1269\u20131283.<\/li>\n<li>Gonz\u00e1lez, M., Medina, R., Osorio, A., Lom\u00f3naco, P., 2004. Sistema de Modelado Costero Espa\u00f1ol (SMC), in: XXI Congreso Latinoamericano De Hidr\u00e1ulica Sao Pedro, Estado Sao Paulo, Brasil, octubre de 2004. doi:10.13140\/RG.2.1.2105.0405<\/li>\n<li><strong>Gonz\u00e1lez, M., Medina, R., Gonzalez-Ondina, J., Osorio, A., M\u00e9ndez, F.J., Garc\u00eda, E., 2007. <\/strong><strong>An integrated coastal modeling system for analyzing beach processes and beach restoration projects, SMC. <\/strong><strong>Comput. Geosci. 33, 916\u2013931. doi:10.1016\/j.cageo.2006.12.005<\/strong><\/li>\n<li>Gonz\u00e1lez, M., Medina, R., Losada, M., 2010. On the design of beach nourishment projects using static equilibrium concepts: Application to the Spanish coast. Coast. Eng. 57, 227\u2013240. doi:10.1016\/j.coastaleng.2009.10.009<\/li>\n<li>Raabe, A.L.A., Klein, A.H. d. F., Gonz\u00e1lez, M., Medina, R., 2010. MEPBAY and SMC: Software tools to support different operational levels of headland-bay beach in coastal engineering projects. Coast. Eng. 57, 213\u2013226. doi:10.1016\/j.coastaleng.2009.10.008.<\/li>\n<li><strong>Quetzalc\u00f3atl, O., Gonz\u00e1lez, M., C\u00e1novas, V., Medina, R., Espejo, A., Klein, A., Tessler, M.G., Almeida, L.R., Jaramillo, C., Garnier, R., Kakeh, N., Gonz\u00e1lez-Ondina, J., 2019. SMC\u03b5, a coastal modeling system for assessing beach processes and coastal interventions: Application to the Brazilian coast. Environ. Model. Softw. 116, 131\u2013152. <a href=\"https:\/\/doi.org\/10.1016\/j.envsoft.2019.03.001\">https:\/\/doi.org\/10.1016\/J.ENVSOFT.2019.03.001<\/a><\/strong><\/li>\n<\/ul>\n<p><\/p>","protected":false},"excerpt":{"rendered":"<p>Medina, R., Gonz\u00e1lez, M., Castanedo, S., Pe\u00f1a, C., Carri\u00f3n, V., 2002. Herramientas para el an\u00e1lisis y evaluaci\u00f3n del impacto de la construcci\u00f3n de obras portuarias en el litoral, in: I Congreso de Ingenier\u00eda Civil, Territorio Y Medio Ambiente. pp. 1269\u20131283. Gonz\u00e1lez, M., Medina, R., Osorio, A., Lom\u00f3naco, P., 2004. Sistema de Modelado Costero Espa\u00f1ol (SMC), [&hellip;]<\/p>\n","protected":false},"author":6,"featured_media":0,"parent":0,"menu_order":0,"comment_status":"closed","ping_status":"closed","template":"","meta":{"footnotes":""},"class_list":["post-2035","page","type-page","status-publish","hentry"],"_links":{"self":[{"href":"https:\/\/smc.ihcantabria.es\/SMC25\/wp-json\/wp\/v2\/pages\/2035","targetHints":{"allow":["GET"]}}],"collection":[{"href":"https:\/\/smc.ihcantabria.es\/SMC25\/wp-json\/wp\/v2\/pages"}],"about":[{"href":"https:\/\/smc.ihcantabria.es\/SMC25\/wp-json\/wp\/v2\/types\/page"}],"author":[{"embeddable":true,"href":"https:\/\/smc.ihcantabria.es\/SMC25\/wp-json\/wp\/v2\/users\/6"}],"replies":[{"embeddable":true,"href":"https:\/\/smc.ihcantabria.es\/SMC25\/wp-json\/wp\/v2\/comments?post=2035"}],"version-history":[{"count":14,"href":"https:\/\/smc.ihcantabria.es\/SMC25\/wp-json\/wp\/v2\/pages\/2035\/revisions"}],"predecessor-version":[{"id":2845,"href":"https:\/\/smc.ihcantabria.es\/SMC25\/wp-json\/wp\/v2\/pages\/2035\/revisions\/2845"}],"wp:attachment":[{"href":"https:\/\/smc.ihcantabria.es\/SMC25\/wp-json\/wp\/v2\/media?parent=2035"}],"curies":[{"name":"wp","href":"https:\/\/api.w.org\/{rel}","templated":true}]}}