{"id":103,"date":"2013-04-19T07:45:52","date_gmt":"2013-04-19T07:45:52","guid":{"rendered":"https:\/\/smc.ihcantabria.es\/SMC25\/?page_id=103"},"modified":"2015-10-08T19:46:44","modified_gmt":"2015-10-08T19:46:44","slug":"tic","status":"publish","type":"page","link":"https:\/\/smc.ihcantabria.es\/SMC25\/tic\/","title":{"rendered":"Tic"},"content":{"rendered":"<p><img loading=\"lazy\" decoding=\"async\" class=\"size-full wp-image-104 alignnone\" src=\"https:\/\/smc.ihcantabria.es\/SMC25\/wp-content\/uploads\/2013\/04\/logoTic.gif\" alt=\"logoTic\" width=\"200\" height=\"64\" \/><\/p>\n<p><strong>Tutor de Ingenier\u00eda de Costas<\/strong><\/p>\n<p>El objetivo del Tutor de Ingenier\u00eda de Costas (TIC) es reunir aquellas f\u00f3rmulas y procedimientos de c\u00e1lculo simples, relativos a la ingenier\u00eda de costas, que m\u00e1s utilidad tienen dentro de la actividad profesional.<\/p>\n<p style=\"text-align: justify;\">El programa est\u00e1 compuesto por una serie de unidades b\u00e1sicas, denominadas \u00abm\u00f3dulos\u00bb. Cada m\u00f3dulo tiene informaci\u00f3n en una pantalla completa y resuelve un determinado problema. (Por ejemplo: c\u00e1lculo del rebase de un dique de escollera, determinaci\u00f3n de oleaje generado por viento&#8230;)<\/p>\n<p style=\"text-align: justify;\">Los m\u00f3dulos est\u00e1n agrupados a su vez en cuatro bloques tem\u00e1ticos: din\u00e1micas, procesos sedimentarios, obras mar\u00edtimas e impacto ambiental.<\/p>\n<p style=\"text-align: center;\"><a href=\"https:\/\/smc.ihcantabria.es\/SMC25\/wp-content\/uploads\/2013\/04\/tic.png\"><img loading=\"lazy\" decoding=\"async\" class=\"size-medium wp-image-105 aligncenter\" src=\"https:\/\/smc.ihcantabria.es\/SMC25\/wp-content\/uploads\/2013\/04\/tic-300x190.png\" alt=\"tic\" width=\"300\" height=\"190\" srcset=\"https:\/\/smc.ihcantabria.es\/SMC25\/wp-content\/uploads\/2013\/04\/tic-300x190.png 300w, https:\/\/smc.ihcantabria.es\/SMC25\/wp-content\/uploads\/2013\/04\/tic.png 944w\" sizes=\"auto, (max-width: 300px) 100vw, 300px\" \/><\/a><\/p>\n<p><\/p>","protected":false},"excerpt":{"rendered":"<p>Tutor de Ingenier\u00eda de Costas El objetivo del Tutor de Ingenier\u00eda de Costas (TIC) es reunir aquellas f\u00f3rmulas y procedimientos de c\u00e1lculo simples, relativos a la ingenier\u00eda de costas, que m\u00e1s utilidad tienen dentro de la actividad profesional. El programa est\u00e1 compuesto por una serie de unidades b\u00e1sicas, denominadas \u00abm\u00f3dulos\u00bb. Cada m\u00f3dulo tiene informaci\u00f3n en [&hellip;]<\/p>\n","protected":false},"author":2,"featured_media":0,"parent":0,"menu_order":0,"comment_status":"closed","ping_status":"open","template":"","meta":{"footnotes":""},"class_list":["post-103","page","type-page","status-publish","hentry"],"_links":{"self":[{"href":"https:\/\/smc.ihcantabria.es\/SMC25\/wp-json\/wp\/v2\/pages\/103","targetHints":{"allow":["GET"]}}],"collection":[{"href":"https:\/\/smc.ihcantabria.es\/SMC25\/wp-json\/wp\/v2\/pages"}],"about":[{"href":"https:\/\/smc.ihcantabria.es\/SMC25\/wp-json\/wp\/v2\/types\/page"}],"author":[{"embeddable":true,"href":"https:\/\/smc.ihcantabria.es\/SMC25\/wp-json\/wp\/v2\/users\/2"}],"replies":[{"embeddable":true,"href":"https:\/\/smc.ihcantabria.es\/SMC25\/wp-json\/wp\/v2\/comments?post=103"}],"version-history":[{"count":15,"href":"https:\/\/smc.ihcantabria.es\/SMC25\/wp-json\/wp\/v2\/pages\/103\/revisions"}],"predecessor-version":[{"id":707,"href":"https:\/\/smc.ihcantabria.es\/SMC25\/wp-json\/wp\/v2\/pages\/103\/revisions\/707"}],"wp:attachment":[{"href":"https:\/\/smc.ihcantabria.es\/SMC25\/wp-json\/wp\/v2\/media?parent=103"}],"curies":[{"name":"wp","href":"https:\/\/api.w.org\/{rel}","templated":true}]}}