{"id":403,"date":"2015-07-16T13:37:09","date_gmt":"2015-07-16T13:37:09","guid":{"rendered":"https:\/\/smc.ihcantabria.es\/SMC25\/?page_id=403"},"modified":"2016-10-18T11:15:23","modified_gmt":"2016-10-18T11:15:23","slug":"descargas-smc-2-5-tunez","status":"publish","type":"page","link":"https:\/\/smc.ihcantabria.es\/SMC25\/en\/descargas-smc-2-5-tunez\/","title":{"rendered":"Download SMC 2.5 &#8211; Tunez"},"content":{"rendered":"<p><strong>Description\u00a0<\/strong><\/p>\n<div>\n<ul>\n<li>Programmes de Pr\u00e9traitement du littoral tunisien: Baco, Atlas, Od\u00edn.<\/li>\n<li>Programmes d&#8217;analyse \u00e0 court et long termes: Mopla, Petra, MMT.<\/li>\n<li>Documentation: Manuels de l&#8217;utilisateur (SMC, Mopla, Petra, Baco, Od\u00edn), Cas d&#8217;application SMC.<\/li>\n<\/ul>\n<\/div>\n<p><strong>Configuration requise\u00a0<\/strong><\/p>\n<div>\n<ul>\n<li>Disque dur: 150 Mb + 700 Mb pour Baco (Base de donn\u00e9es, optionnelle).<\/li>\n<li>Windows XP, 7, 8 et 10 (SMC v2.5 n&#8217;est ni pr\u00e9vu pour <strong>LINUX<\/strong>\u00a0ni <strong>MAC<\/strong>).<\/li>\n<li>Connexion internet.<\/li>\n<li>SURFER pr\u00e9alablement install\u00e9. <strong>La version de d\u00e9monstration n&#8217;est pas compatible<\/strong>. Les versions 8-11 sont recommand\u00e9es (les derni\u00e8res versions n&#8217;ont pas \u00e9t\u00e9 test\u00e9es). <span style=\"color: #ff0000;\"><strong>SURFER ne sera pas d\u00e9livr\u00e9 par le Groupe SMC<\/strong><\/span>. Ce software peut \u00eatre t\u00e9l\u00e9charg\u00e9 depuis\u00a0<a href=\"http:\/\/www.goldensoftware.com\/\" target=\"_blank\">Golden Software<\/a>. L&#8217;annexe\u00a0I (Anejo I) du <a href=\"https:\/\/smc.ihcantabria.es\/SMC25\/wp-content\/uploads\/2015\/10\/Instalacion_SMC.pdf\" target=\"_blank\">manuel d&#8217;installation<\/a> (en Espagnol)\u00a0indique comment configurer SURFER\u00a0pour qu\u2019il fonctionne correctement avec\u00a0SMC.<\/li>\n<\/ul>\n<\/div>\n<p><strong>Installation\u00a0<\/strong><\/p>\n<div>\n<div>\n<div><a href=\"https:\/\/smc.ihcantabria.es\/SMC25\/wp-content\/uploads\/2015\/10\/Instalacion_SMC.pdf\" target=\"_blank\">Manuel d&#8217;installation<\/a> (en Espagnol)<\/div>\n<div><\/div>\n<\/div>\n<\/div>\n<p><strong>T\u00e9l\u00e9charger SMC\u00a0<\/strong><\/p>\n<div>\n<div>\n<p><a href=\"https:\/\/smc.ihcantabria.es\/SMC25\/descarga-software\/\" target=\"_blank\">SMC V2.5 &#8211; Tunisie<\/a>:\u00a0Programme d&#8217;installation du Syst\u00e8me de Mod\u00e9lisation C\u00f4ti\u00e8re. D\u00e9comprimer le fichier ZIP puis ex\u00e9cuter Autorun.exe. Une fois l&#8217;installation termin\u00e9e, le fichier ZIP ainsi que le dossier d\u00e9comprim\u00e9 pourront \u00eatre supprim\u00e9s.<\/p>\n<\/div>\n<div>\n<p><a href=\"https:\/\/smc.ihcantabria.es\/SMC25\/wp-content\/uploads\/2015\/09\/MOPLA-output-files.pdf\" target=\"_blank\">Mopla output files description<\/a> (en anglais): Description des fichiers de sortie de Mopla<\/p>\n<\/div>\n<\/div>\n<p><strong>Documentation\u00a0<\/strong><\/p>\n<div>\n<div>\n<ul>\n<li><a href=\"https:\/\/smc.ihcantabria.es\/SMC25\/wp-content\/uploads\/2015\/09\/manual_smc_fr_v25_01.pdf\" target=\"_blank\">Manuel de l&#8217;utilisateur du Syst\u00e8me de Mod\u00e9lisation C\u00f4ti\u00e8re (SMC)<\/a>.<\/li>\n<\/ul>\n<\/div>\n<div>\n<ul>\n<li><a href=\"https:\/\/smc.ihcantabria.es\/SMC25\/wp-content\/uploads\/2015\/09\/practica_smc_fr_v25_01.pdf\" target=\"_blank\">Cas d&#8217;application pour SMC programme<\/a>.<\/li>\n<\/ul>\n<\/div>\n<div>\n<ul>\n<li><a href=\"https:\/\/smc.ihcantabria.es\/SMC25\/wp-content\/uploads\/2015\/09\/manual_mopla_fr_v25.pdf\" target=\"_blank\">Manuel de l&#8217;utilisateur du MOPLA (MOPLA)<\/a>.<\/li>\n<\/ul>\n<\/div>\n<div>\n<ul>\n<li><a href=\"https:\/\/smc.ihcantabria.es\/SMC25\/wp-content\/uploads\/2015\/09\/manual_petra_fr_v25.pdf\" target=\"_blank\">Manuel de l&#8217;utilisateur du PETRA (PETRA)<\/a>.<\/li>\n<\/ul>\n<\/div>\n<div>\n<ul>\n<li><a href=\"https:\/\/smc.ihcantabria.es\/SMC25\/wp-content\/uploads\/2015\/09\/manual_baco_fr_v25.pdf\" target=\"_blank\">Manuel de l&#8217;utilisateur du BACO (BACO)<\/a>.<\/li>\n<\/ul>\n<ul>\n<li>\u00a0<a href=\"https:\/\/smc.ihcantabria.es\/SMC25\/wp-content\/uploads\/2015\/09\/manual_odin_fr_v25.pdf\" target=\"_blank\">Manuel de l&#8217;utilisateur du OD\u00cdN (OD\u00cdN)<\/a>.<\/li>\n<\/ul>\n<\/div>\n<\/div>\n<p><\/p>","protected":false},"excerpt":{"rendered":"<p>Description\u00a0 Programmes de Pr\u00e9traitement du littoral tunisien: Baco, Atlas, Od\u00edn. Programmes d&#8217;analyse \u00e0 court et long termes: Mopla, Petra, MMT. Documentation: Manuels de l&#8217;utilisateur (SMC, Mopla, Petra, Baco, Od\u00edn), Cas d&#8217;application SMC. Configuration requise\u00a0 Disque dur: 150 Mb + 700 Mb pour Baco (Base de donn\u00e9es, optionnelle). Windows XP, 7, 8 et 10 (SMC v2.5 [&hellip;]<\/p>\n","protected":false},"author":6,"featured_media":0,"parent":0,"menu_order":0,"comment_status":"closed","ping_status":"open","template":"","meta":{"footnotes":""},"class_list":["post-403","page","type-page","status-publish","hentry"],"_links":{"self":[{"href":"https:\/\/smc.ihcantabria.es\/SMC25\/en\/wp-json\/wp\/v2\/pages\/403","targetHints":{"allow":["GET"]}}],"collection":[{"href":"https:\/\/smc.ihcantabria.es\/SMC25\/en\/wp-json\/wp\/v2\/pages"}],"about":[{"href":"https:\/\/smc.ihcantabria.es\/SMC25\/en\/wp-json\/wp\/v2\/types\/page"}],"author":[{"embeddable":true,"href":"https:\/\/smc.ihcantabria.es\/SMC25\/en\/wp-json\/wp\/v2\/users\/6"}],"replies":[{"embeddable":true,"href":"https:\/\/smc.ihcantabria.es\/SMC25\/en\/wp-json\/wp\/v2\/comments?post=403"}],"version-history":[{"count":16,"href":"https:\/\/smc.ihcantabria.es\/SMC25\/en\/wp-json\/wp\/v2\/pages\/403\/revisions"}],"predecessor-version":[{"id":1340,"href":"https:\/\/smc.ihcantabria.es\/SMC25\/en\/wp-json\/wp\/v2\/pages\/403\/revisions\/1340"}],"wp:attachment":[{"href":"https:\/\/smc.ihcantabria.es\/SMC25\/en\/wp-json\/wp\/v2\/media?parent=403"}],"curies":[{"name":"wp","href":"https:\/\/api.w.org\/{rel}","templated":true}]}}