{"id":363,"date":"2015-07-10T13:40:11","date_gmt":"2015-07-10T13:40:11","guid":{"rendered":"https:\/\/smc.ihcantabria.es\/SMC25\/?page_id=363"},"modified":"2016-10-18T11:05:37","modified_gmt":"2016-10-18T11:05:37","slug":"descargas-smc2_5-espana","status":"publish","type":"page","link":"https:\/\/smc.ihcantabria.es\/SMC25\/en\/descargas-smc2_5-espana\/","title":{"rendered":"Downloads SMC 2.5-Spain"},"content":{"rendered":"<p><strong>Description<\/strong><\/p>\n<div>\n<ul>\n<li>Pre-processing programs for the Spanish coast: Baco, Atlas, Od\u00edn.<\/li>\n<li>Coastal Engineering Tutorial program (TIC). In Spanish.<\/li>\n<li>Short Term and Long Term Analysis programs: Mopla, Petra, MMT.<\/li>\n<li>Documents: SMC user manual, SMC practice, MOPLA reference.<\/li>\n<\/ul>\n<\/div>\n<p><strong>Requirements<\/strong><\/p>\n<div>\n<ul>\n<li>PC, Intel, Dual-Core<\/li>\n<li>Minimum storage capacity: 200MB MB + 700 MB for Baco program (bathymetric database, optional).<\/li>\n<li>Windows XP, 7, 8 and 10 (<strong>No LINUX<\/strong>,\u00a0<strong>No MAC<\/strong>).<\/li>\n<li>Internet connection.<\/li>\n<li>SURFER already installed.\u00a0<strong>Demo versions don&#8217;t work. <\/strong>Versions 8-11 are recommended (Later versions haven&#8217;t been tested). <strong><span style=\"color: #ff0000;\">SURFER will NOT be provided by SMC Group<\/span><\/strong>. This software could be download from\u00a0<a href=\"http:\/\/www.goldensoftware.com\/\" target=\"_blank\">Golden Software<\/a>.\u00a0In the\u00a0ANEJO I of the\u00a0<a href=\"https:\/\/smc.ihcantabria.es\/SMC25\/wp-content\/uploads\/2015\/10\/Instalacion_SMC.pdf\" target=\"_blank\">Instalation manual<\/a>\u00a0(in Spanish) is specified how to configurate SURFER for its proper operation\u00a0with SMC.<\/li>\n<li>Memory: 1GB RAM<\/li>\n<li>Regional configuration: decimals must be represented\u00a0as points.<\/li>\n<\/ul>\n<\/div>\n<div>\n<div>\n<div><\/div>\n<div>Installation guide<\/div>\n<div><\/div>\n<\/div>\n<\/div>\n<p><strong>Download SMC\u00a0<\/strong><\/p>\n<div>\n<div>\n<p><a href=\"https:\/\/smc.ihcantabria.es\/SMC25\/en\/descarga-software\/\" target=\"_blank\">SMC V2.5 \u2013 Spain<\/a>:\u00a0Installation program.<\/p>\n<\/div>\n<div>\n<p><a href=\"https:\/\/smc.ihcantabria.es\/SMC25\/wp-content\/uploads\/2015\/09\/MOPLA-output-files.pdf\" target=\"_blank\">Mopla output files description<\/a>:\u00a0Describes the content of MOPLA\u2019s output files.<\/p>\n<\/div>\n<\/div>\n<p><strong>Documents\u00a0<\/strong><\/p>\n<div>\n<div>\n<ul>\n<li><a href=\"https:\/\/smc.ihcantabria.es\/SMC25\/wp-content\/uploads\/2015\/08\/manual_smc_en_v25_01.pdf\" target=\"_blank\">SMC user manual<\/a><\/li>\n<li><a href=\"https:\/\/smc.ihcantabria.es\/SMC25\/wp-content\/uploads\/2015\/08\/practica_smc_en_v25_01.pdf\" target=\"_blank\">SMC practice<\/a><\/li>\n<\/ul>\n<\/div>\n<div>\n<ul>\n<li><a href=\"https:\/\/smc.ihcantabria.es\/SMC25\/wp-content\/uploads\/2015\/08\/reference_manual_mopla_en_v25_00.pdf\" target=\"_blank\">MOPLA reference manual<\/a><\/li>\n<li><a href=\"https:\/\/smc.ihcantabria.es\/SMC25\/wp-content\/uploads\/2015\/08\/reference_manual_oluca_en_v25_00.pdf\" target=\"_blank\">OLUCA reference manual<\/a><\/li>\n<\/ul>\n<\/div>\n<div>\n<ul>\n<li><a href=\"https:\/\/smc.ihcantabria.es\/SMC25\/wp-content\/uploads\/2015\/08\/reference_manual_copla_en_v25_00.pdf\" target=\"_blank\">COPLA reference manual<\/a><\/li>\n<li><a href=\"https:\/\/smc.ihcantabria.es\/SMC25\/wp-content\/uploads\/2015\/08\/reference_manual_eros_en_v25_00.pdf\" target=\"_blank\">EROS reference manual<\/a><\/li>\n<\/ul>\n<\/div>\n<div><\/div>\n<div>\n<p><strong>Other tools<\/strong><\/p>\n<div><a href=\"http:\/\/ihameva.ihcantabria.com\/\">Characterization of maritime climate\u00a0(AMEVA)<\/a><\/div>\n<div>An\u00e1lisis Matem\u00e1tico y Estad\u00edstico de Variables Ambientales (AMEVA), is a software that consists of a set of functions developed in Matlab that integrates various statistical analysis methodologies implemented by Environmental Hydraulics Institute &#8220;IHCantabria&#8221;, in order to study and characterize environmental variables.<\/div>\n<\/div>\n<\/div>\n<p><\/p>","protected":false},"excerpt":{"rendered":"<p>Description Pre-processing programs for the Spanish coast: Baco, Atlas, Od\u00edn. Coastal Engineering Tutorial program (TIC). In Spanish. Short Term and Long Term Analysis programs: Mopla, Petra, MMT. Documents: SMC user manual, SMC practice, MOPLA reference. Requirements PC, Intel, Dual-Core Minimum storage capacity: 200MB MB + 700 MB for Baco program (bathymetric database, optional). Windows XP, [&hellip;]<\/p>\n","protected":false},"author":6,"featured_media":0,"parent":0,"menu_order":0,"comment_status":"closed","ping_status":"open","template":"","meta":{"footnotes":""},"class_list":["post-363","page","type-page","status-publish","hentry"],"_links":{"self":[{"href":"https:\/\/smc.ihcantabria.es\/SMC25\/en\/wp-json\/wp\/v2\/pages\/363","targetHints":{"allow":["GET"]}}],"collection":[{"href":"https:\/\/smc.ihcantabria.es\/SMC25\/en\/wp-json\/wp\/v2\/pages"}],"about":[{"href":"https:\/\/smc.ihcantabria.es\/SMC25\/en\/wp-json\/wp\/v2\/types\/page"}],"author":[{"embeddable":true,"href":"https:\/\/smc.ihcantabria.es\/SMC25\/en\/wp-json\/wp\/v2\/users\/6"}],"replies":[{"embeddable":true,"href":"https:\/\/smc.ihcantabria.es\/SMC25\/en\/wp-json\/wp\/v2\/comments?post=363"}],"version-history":[{"count":83,"href":"https:\/\/smc.ihcantabria.es\/SMC25\/en\/wp-json\/wp\/v2\/pages\/363\/revisions"}],"predecessor-version":[{"id":1337,"href":"https:\/\/smc.ihcantabria.es\/SMC25\/en\/wp-json\/wp\/v2\/pages\/363\/revisions\/1337"}],"wp:attachment":[{"href":"https:\/\/smc.ihcantabria.es\/SMC25\/en\/wp-json\/wp\/v2\/media?parent=363"}],"curies":[{"name":"wp","href":"https:\/\/api.w.org\/{rel}","templated":true}]}}