{"id":347,"date":"2015-07-10T12:41:45","date_gmt":"2015-07-10T12:41:45","guid":{"rendered":"https:\/\/smc.ihcantabria.es\/SMC25\/?page_id=347"},"modified":"2015-10-02T13:14:29","modified_gmt":"2015-10-02T13:14:29","slug":"zona-descargas","status":"publish","type":"page","link":"https:\/\/smc.ihcantabria.es\/SMC25\/en\/zona-descargas\/","title":{"rendered":"Downloads"},"content":{"rendered":"<p><strong>Coastal Modeling System &#8211; Version 2.5<\/strong><\/p>\n<div><a href=\"https:\/\/smc.ihcantabria.es\/SMC25\/en\/descargas-smc2_5-espana\/\">SMC V2.5 &#8211; Spain\u00a0(in English)<\/a><\/div>\n<div>\n<p>17\/01\/2011\u00a0&#8211;\u00a0IHCantabria<\/p>\n<ul>\n<li>Pre-processing programs for the Spanish coast: Baco, Atlas, Od\u00edn.<\/li>\n<li>Coastal Engineering Tutorial program (TIC). In Spanish.<\/li>\n<li>Short Term and Long Term Analysis programs: Mopla, Petra, MMT.<\/li>\n<li>Documents: SMC user manual, SMC practice, MOPLA reference.<\/li>\n<\/ul>\n<\/div>\n<div>\n<div><a href=\"http:\/\/ihameva.ihcantabria.com\/\">Characterization of maritime climate\u00a0(AMEVA)<\/a><\/div>\n<div><\/div>\n<div>30\/09\/2015 &#8211;\u00a0IHCantabria<\/div>\n<div><\/div>\n<div>An\u00e1lisis Matem\u00e1tico y Estad\u00edstico de Variables Ambientales (AMEVA), is a software that consists of a set of functions developed in Matlab that integrates various statistical analysis methodologies implemented by Environmental Hydraulics Institute &#8220;IHCantabria&#8221;, in order to study and characterize environmental variables.<\/div>\n<\/div>\n<p><\/p>","protected":false},"excerpt":{"rendered":"<p>Coastal Modeling System &#8211; Version 2.5 SMC V2.5 &#8211; Spain\u00a0(in English) 17\/01\/2011\u00a0&#8211;\u00a0IHCantabria Pre-processing programs for the Spanish coast: Baco, Atlas, Od\u00edn. Coastal Engineering Tutorial program (TIC). In Spanish. Short Term and Long Term Analysis programs: Mopla, Petra, MMT. Documents: SMC user manual, SMC practice, MOPLA reference. Characterization of maritime climate\u00a0(AMEVA) 30\/09\/2015 &#8211;\u00a0IHCantabria An\u00e1lisis Matem\u00e1tico y [&hellip;]<\/p>\n","protected":false},"author":6,"featured_media":0,"parent":0,"menu_order":0,"comment_status":"closed","ping_status":"open","template":"","meta":{"footnotes":""},"class_list":["post-347","page","type-page","status-publish","hentry"],"_links":{"self":[{"href":"https:\/\/smc.ihcantabria.es\/SMC25\/en\/wp-json\/wp\/v2\/pages\/347","targetHints":{"allow":["GET"]}}],"collection":[{"href":"https:\/\/smc.ihcantabria.es\/SMC25\/en\/wp-json\/wp\/v2\/pages"}],"about":[{"href":"https:\/\/smc.ihcantabria.es\/SMC25\/en\/wp-json\/wp\/v2\/types\/page"}],"author":[{"embeddable":true,"href":"https:\/\/smc.ihcantabria.es\/SMC25\/en\/wp-json\/wp\/v2\/users\/6"}],"replies":[{"embeddable":true,"href":"https:\/\/smc.ihcantabria.es\/SMC25\/en\/wp-json\/wp\/v2\/comments?post=347"}],"version-history":[{"count":31,"href":"https:\/\/smc.ihcantabria.es\/SMC25\/en\/wp-json\/wp\/v2\/pages\/347\/revisions"}],"predecessor-version":[{"id":647,"href":"https:\/\/smc.ihcantabria.es\/SMC25\/en\/wp-json\/wp\/v2\/pages\/347\/revisions\/647"}],"wp:attachment":[{"href":"https:\/\/smc.ihcantabria.es\/SMC25\/en\/wp-json\/wp\/v2\/media?parent=347"}],"curies":[{"name":"wp","href":"https:\/\/api.w.org\/{rel}","templated":true}]}}